{"id":886,"date":"2021-02-01T18:30:45","date_gmt":"2021-02-01T18:30:45","guid":{"rendered":"http:\/\/omikron.net.pl\/?page_id=886"},"modified":"2021-02-03T14:47:24","modified_gmt":"2021-02-03T14:47:24","slug":"xxxx","status":"publish","type":"page","link":"https:\/\/omikron.net.pl\/","title":{"rendered":"&#8222;Omikron&#8221;"},"content":{"rendered":"\n<h2 class=\"has-text-align-center\"><strong>Tradycja i nowoczesno\u015b\u0107 to nasza dewiza.<\/strong><\/h2>\n\n\n\n<h5 class=\"alignwide has-text-align-center\">Specjalizujemy si\u0119 w organizacji imprez firmowych i rodzinnych w pi\u0119knym miejscu po\u0142o\u017conym 40 km od Warszawy.<br>Dysponujemy baz\u0105 noclegow\u0105. Pobyt u nas to wspania\u0142y wypoczynek.<br><br><\/h5>\n\n\n\n<figure class=\"wp-block-gallery columns-3 is-cropped\"><ul class=\"blocks-gallery-grid\"><li class=\"blocks-gallery-item\"><figure><img loading=\"lazy\" width=\"1024\" height=\"576\" src=\"http:\/\/omikron.net.pl\/wp-content\/uploads\/2021\/02\/20200628_122331_M-1024x576.jpg\" alt=\"\" data-id=\"1019\" data-full-url=\"http:\/\/omikron.net.pl\/wp-content\/uploads\/2021\/02\/20200628_122331_M.jpg\" data-link=\"http:\/\/omikron.net.pl\/20200628_122331_m\/\" class=\"wp-image-1019\" srcset=\"https:\/\/omikron.net.pl\/wp-content\/uploads\/2021\/02\/20200628_122331_M-1024x576.jpg 1024w, https:\/\/omikron.net.pl\/wp-content\/uploads\/2021\/02\/20200628_122331_M-300x169.jpg 300w, https:\/\/omikron.net.pl\/wp-content\/uploads\/2021\/02\/20200628_122331_M-768x432.jpg 768w, https:\/\/omikron.net.pl\/wp-content\/uploads\/2021\/02\/20200628_122331_M-1200x675.jpg 1200w, https:\/\/omikron.net.pl\/wp-content\/uploads\/2021\/02\/20200628_122331_M-420x236.jpg 420w, https:\/\/omikron.net.pl\/wp-content\/uploads\/2021\/02\/20200628_122331_M-81x46.jpg 81w, https:\/\/omikron.net.pl\/wp-content\/uploads\/2021\/02\/20200628_122331_M.jpg 1500w\" sizes=\"(max-width: 1024px) 100vw, 1024px\" \/><\/figure><\/li><li class=\"blocks-gallery-item\"><figure><img loading=\"lazy\" width=\"1024\" height=\"581\" src=\"http:\/\/omikron.net.pl\/wp-content\/uploads\/2021\/02\/received_1604864059702723-1024x581.jpeg\" alt=\"\" data-id=\"1018\" data-full-url=\"http:\/\/omikron.net.pl\/wp-content\/uploads\/2021\/02\/received_1604864059702723.jpeg\" data-link=\"http:\/\/omikron.net.pl\/received_1604864059702723\/\" class=\"wp-image-1018\" srcset=\"https:\/\/omikron.net.pl\/wp-content\/uploads\/2021\/02\/received_1604864059702723-1024x581.jpeg 1024w, https:\/\/omikron.net.pl\/wp-content\/uploads\/2021\/02\/received_1604864059702723-300x170.jpeg 300w, https:\/\/omikron.net.pl\/wp-content\/uploads\/2021\/02\/received_1604864059702723-768x436.jpeg 768w, https:\/\/omikron.net.pl\/wp-content\/uploads\/2021\/02\/received_1604864059702723-1536x872.jpeg 1536w, https:\/\/omikron.net.pl\/wp-content\/uploads\/2021\/02\/received_1604864059702723-1200x681.jpeg 1200w, https:\/\/omikron.net.pl\/wp-content\/uploads\/2021\/02\/received_1604864059702723-420x238.jpeg 420w, https:\/\/omikron.net.pl\/wp-content\/uploads\/2021\/02\/received_1604864059702723-81x46.jpeg 81w, https:\/\/omikron.net.pl\/wp-content\/uploads\/2021\/02\/received_1604864059702723.jpeg 1600w\" sizes=\"(max-width: 1024px) 100vw, 1024px\" \/><\/figure><\/li><li class=\"blocks-gallery-item\"><figure><img loading=\"lazy\" width=\"1024\" height=\"768\" src=\"http:\/\/omikron.net.pl\/wp-content\/uploads\/2021\/02\/20210124_131338_M-1024x768.jpg\" alt=\"\" data-id=\"1017\" data-full-url=\"http:\/\/omikron.net.pl\/wp-content\/uploads\/2021\/02\/20210124_131338_M.jpg\" data-link=\"http:\/\/omikron.net.pl\/20210124_131338_m\/\" class=\"wp-image-1017\" srcset=\"https:\/\/omikron.net.pl\/wp-content\/uploads\/2021\/02\/20210124_131338_M-1024x768.jpg 1024w, https:\/\/omikron.net.pl\/wp-content\/uploads\/2021\/02\/20210124_131338_M-300x225.jpg 300w, https:\/\/omikron.net.pl\/wp-content\/uploads\/2021\/02\/20210124_131338_M-768x576.jpg 768w, https:\/\/omikron.net.pl\/wp-content\/uploads\/2021\/02\/20210124_131338_M-1028x771.jpg 1028w, https:\/\/omikron.net.pl\/wp-content\/uploads\/2021\/02\/20210124_131338_M-420x315.jpg 420w, https:\/\/omikron.net.pl\/wp-content\/uploads\/2021\/02\/20210124_131338_M-81x61.jpg 81w, https:\/\/omikron.net.pl\/wp-content\/uploads\/2021\/02\/20210124_131338_M.jpg 1276w\" sizes=\"(max-width: 1024px) 100vw, 1024px\" \/><\/figure><\/li><li class=\"blocks-gallery-item\"><figure><img loading=\"lazy\" width=\"709\" height=\"945\" src=\"http:\/\/omikron.net.pl\/wp-content\/uploads\/2021\/02\/20201025_112925_M.jpg\" alt=\"\" data-id=\"1016\" data-full-url=\"http:\/\/omikron.net.pl\/wp-content\/uploads\/2021\/02\/20201025_112925_M.jpg\" data-link=\"http:\/\/omikron.net.pl\/20201025_112925_m\/\" class=\"wp-image-1016\" srcset=\"https:\/\/omikron.net.pl\/wp-content\/uploads\/2021\/02\/20201025_112925_M.jpg 709w, https:\/\/omikron.net.pl\/wp-content\/uploads\/2021\/02\/20201025_112925_M-225x300.jpg 225w, https:\/\/omikron.net.pl\/wp-content\/uploads\/2021\/02\/20201025_112925_M-578x771.jpg 578w, https:\/\/omikron.net.pl\/wp-content\/uploads\/2021\/02\/20201025_112925_M-420x560.jpg 420w, https:\/\/omikron.net.pl\/wp-content\/uploads\/2021\/02\/20201025_112925_M-81x108.jpg 81w\" sizes=\"(max-width: 709px) 100vw, 709px\" \/><\/figure><\/li><li class=\"blocks-gallery-item\"><figure><img loading=\"lazy\" width=\"1024\" height=\"703\" src=\"http:\/\/omikron.net.pl\/wp-content\/uploads\/2021\/02\/20201025_111429_M-1024x703.jpg\" alt=\"\" data-id=\"1015\" data-full-url=\"http:\/\/omikron.net.pl\/wp-content\/uploads\/2021\/02\/20201025_111429_M.jpg\" data-link=\"http:\/\/omikron.net.pl\/20201025_111429_m\/\" class=\"wp-image-1015\" srcset=\"https:\/\/omikron.net.pl\/wp-content\/uploads\/2021\/02\/20201025_111429_M-1024x703.jpg 1024w, https:\/\/omikron.net.pl\/wp-content\/uploads\/2021\/02\/20201025_111429_M-300x206.jpg 300w, https:\/\/omikron.net.pl\/wp-content\/uploads\/2021\/02\/20201025_111429_M-768x527.jpg 768w, https:\/\/omikron.net.pl\/wp-content\/uploads\/2021\/02\/20201025_111429_M-1123x771.jpg 1123w, https:\/\/omikron.net.pl\/wp-content\/uploads\/2021\/02\/20201025_111429_M-420x288.jpg 420w, https:\/\/omikron.net.pl\/wp-content\/uploads\/2021\/02\/20201025_111429_M-81x56.jpg 81w, https:\/\/omikron.net.pl\/wp-content\/uploads\/2021\/02\/20201025_111429_M.jpg 1276w\" sizes=\"(max-width: 1024px) 100vw, 1024px\" \/><\/figure><\/li><\/ul><\/figure>\n\n\n\n<hr class=\"wp-block-separator\"\/>\n\n\n\n<h5 class=\"has-text-align-center\">Wykonujemy opracowania redakcyjne, prace wydawnicze, projekty graficzne publikacji, realizacj\u0119 poligraficzn\u0105.<br><br><\/h5>\n\n\n\n<figure class=\"wp-block-gallery aligncenter columns-3 is-cropped\"><ul class=\"blocks-gallery-grid\"><li class=\"blocks-gallery-item\"><figure><img loading=\"lazy\" width=\"247\" height=\"247\" src=\"http:\/\/omikron.net.pl\/wp-content\/uploads\/2021\/02\/wydaw_d3-1.jpg\" alt=\"\" data-id=\"1038\" data-full-url=\"http:\/\/omikron.net.pl\/wp-content\/uploads\/2021\/02\/wydaw_d3-1.jpg\" data-link=\"http:\/\/omikron.net.pl\/index.php\/xxxx\/wydaw_d3-1\/\" class=\"wp-image-1038\" srcset=\"https:\/\/omikron.net.pl\/wp-content\/uploads\/2021\/02\/wydaw_d3-1.jpg 247w, https:\/\/omikron.net.pl\/wp-content\/uploads\/2021\/02\/wydaw_d3-1-150x150.jpg 150w, https:\/\/omikron.net.pl\/wp-content\/uploads\/2021\/02\/wydaw_d3-1-81x81.jpg 81w\" sizes=\"(max-width: 247px) 100vw, 247px\" \/><\/figure><\/li><li class=\"blocks-gallery-item\"><figure><img loading=\"lazy\" width=\"247\" height=\"247\" src=\"http:\/\/omikron.net.pl\/wp-content\/uploads\/2021\/02\/wydaw_d1.jpg\" alt=\"\" data-id=\"1037\" data-full-url=\"http:\/\/omikron.net.pl\/wp-content\/uploads\/2021\/02\/wydaw_d1.jpg\" data-link=\"http:\/\/omikron.net.pl\/wydaw_d1\/\" class=\"wp-image-1037\" srcset=\"https:\/\/omikron.net.pl\/wp-content\/uploads\/2021\/02\/wydaw_d1.jpg 247w, https:\/\/omikron.net.pl\/wp-content\/uploads\/2021\/02\/wydaw_d1-150x150.jpg 150w, https:\/\/omikron.net.pl\/wp-content\/uploads\/2021\/02\/wydaw_d1-81x81.jpg 81w\" sizes=\"(max-width: 247px) 100vw, 247px\" \/><\/figure><\/li><li class=\"blocks-gallery-item\"><figure><img loading=\"lazy\" width=\"247\" height=\"247\" src=\"http:\/\/omikron.net.pl\/wp-content\/uploads\/2021\/02\/wydaw_d2.jpg\" alt=\"\" data-id=\"1036\" data-full-url=\"http:\/\/omikron.net.pl\/wp-content\/uploads\/2021\/02\/wydaw_d2.jpg\" data-link=\"http:\/\/omikron.net.pl\/wydaw_d2\/\" class=\"wp-image-1036\" srcset=\"https:\/\/omikron.net.pl\/wp-content\/uploads\/2021\/02\/wydaw_d2.jpg 247w, https:\/\/omikron.net.pl\/wp-content\/uploads\/2021\/02\/wydaw_d2-150x150.jpg 150w, https:\/\/omikron.net.pl\/wp-content\/uploads\/2021\/02\/wydaw_d2-81x81.jpg 81w\" sizes=\"(max-width: 247px) 100vw, 247px\" \/><\/figure><\/li><\/ul><\/figure>\n\n\n\n<hr class=\"wp-block-separator\"\/>\n\n\n\n<p class=\"has-text-align-center\"><strong>Firma uzyska\u0142a Subwencj\u0119 Finansow\u0105. Podmiotem udzielaj\u0105cym wsparcia by\u0142 PFR.<\/strong><\/p>\n","protected":false},"excerpt":{"rendered":"<p>Tradycja i nowoczesno\u015b\u0107 to nasza dewiza. Specjalizujemy si\u0119 w organizacji imprez firmowych i rodzinnych w pi\u0119knym miejscu po\u0142o\u017conym 40 km od Warszawy.Dysponujemy baz\u0105 noclegow\u0105. Pobyt u nas to wspania\u0142y wypoczynek. Wykonujemy opracowania redakcyjne, prace wydawnicze, projekty graficzne publikacji, realizacj\u0119 poligraficzn\u0105. Firma uzyska\u0142a Subwencj\u0119 Finansow\u0105. Podmiotem udzielaj\u0105cym wsparcia by\u0142 PFR.<\/p>\n","protected":false},"author":1,"featured_media":0,"parent":0,"menu_order":0,"comment_status":"closed","ping_status":"closed","template":"","meta":[],"_links":{"self":[{"href":"https:\/\/omikron.net.pl\/index.php\/wp-json\/wp\/v2\/pages\/886"}],"collection":[{"href":"https:\/\/omikron.net.pl\/index.php\/wp-json\/wp\/v2\/pages"}],"about":[{"href":"https:\/\/omikron.net.pl\/index.php\/wp-json\/wp\/v2\/types\/page"}],"author":[{"embeddable":true,"href":"https:\/\/omikron.net.pl\/index.php\/wp-json\/wp\/v2\/users\/1"}],"replies":[{"embeddable":true,"href":"https:\/\/omikron.net.pl\/index.php\/wp-json\/wp\/v2\/comments?post=886"}],"version-history":[{"count":53,"href":"https:\/\/omikron.net.pl\/index.php\/wp-json\/wp\/v2\/pages\/886\/revisions"}],"predecessor-version":[{"id":1057,"href":"https:\/\/omikron.net.pl\/index.php\/wp-json\/wp\/v2\/pages\/886\/revisions\/1057"}],"wp:attachment":[{"href":"https:\/\/omikron.net.pl\/index.php\/wp-json\/wp\/v2\/media?parent=886"}],"curies":[{"name":"wp","href":"https:\/\/api.w.org\/{rel}","templated":true}]}}